{"id":53,"date":"2023-06-22T09:26:13","date_gmt":"2023-06-22T09:26:13","guid":{"rendered":"https:\/\/satorijujutsu.com\/?page_id=53"},"modified":"2024-10-01T12:41:20","modified_gmt":"2024-10-01T12:41:20","slug":"inicio","status":"publish","type":"page","link":"https:\/\/satorijujutsu.com\/?page_id=53","title":{"rendered":"Inicio"},"content":{"rendered":"\n<p><\/p>\n\n\n\n<p class=\"has-medium-font-size\">Difundir el pleno conocimiento de la cultura marcial en todos sus \u00e1mbitos, fomentar un entrenamiento global de mente y cuerpo, una adecuada preparaci\u00f3n f\u00edsica con un buen desarrollo mental y espiritual son los principales objetivos de nuestra federaci\u00f3n.<br>Por otro lado, desde nuestro estilo <strong>Satori Ju Jutsu<\/strong> y en nuestros centros intentamos:<br>&#8211; Inculcar a todos nuestros practicantes los valores del esfuerzo, constancia, compromiso, deseo de perfeccionarse y   superarse, as\u00ed como el respeto hacia s\u00ed mismo y hacia los dem\u00e1s.<br>&#8211; Entrenar con seguridad, de forma progresiva al nivel t\u00e9cnico del alumno, su preparaci\u00f3n f\u00edsica y mental.<br>&#8211; Ense\u00f1ar desde una metodolog\u00eda y tecnificaci\u00f3n moderna y f\u00e1cil basada en la realidad, capaz de ser automatizada y usada en situaciones de riesgo real para nuestra integridad. Adaptando dichas t\u00e9cnicas para que, no solo se puedan realizar de forma eficaz, sino tambi\u00e9n en el momento y situaci\u00f3n oportuna respetando en lo posible la integridad f\u00edsica del agresor.<br>Todo ello sin abandonar las formas tradicionales y t\u00e9cnicas milenarias de trabajo espec\u00edfico de estas artes marciales.<br>Adem\u00e1s, trabajamos: <strong>Satori Jo, Defensa Personal, Defensa Personal Femenina. Defensa Personal Policial.<\/strong><\/p>\n\n\n\n<figure class=\"wp-block-gallery has-nested-images columns-default is-cropped wp-block-gallery-1 is-layout-flex wp-block-gallery-is-layout-flex\">\n<figure class=\"wp-block-image alignleft size-large\"><img loading=\"lazy\" decoding=\"async\" width=\"772\" height=\"658\" data-id=\"8\" src=\"https:\/\/satorijujutsu.com\/wp-content\/uploads\/2023\/06\/Captura-de-Pantalla-2023-06-22-a-las-0.21.50.png\" alt=\"\" class=\"wp-image-8\" srcset=\"https:\/\/satorijujutsu.com\/wp-content\/uploads\/2023\/06\/Captura-de-Pantalla-2023-06-22-a-las-0.21.50.png 772w, https:\/\/satorijujutsu.com\/wp-content\/uploads\/2023\/06\/Captura-de-Pantalla-2023-06-22-a-las-0.21.50-300x256.png 300w, https:\/\/satorijujutsu.com\/wp-content\/uploads\/2023\/06\/Captura-de-Pantalla-2023-06-22-a-las-0.21.50-768x655.png 768w\" sizes=\"(max-width: 772px) 100vw, 772px\" \/><\/figure>\n\n\n\n<figure class=\"wp-block-image size-large\"><img loading=\"lazy\" decoding=\"async\" width=\"770\" height=\"630\" data-id=\"7\" src=\"https:\/\/satorijujutsu.com\/wp-content\/uploads\/2023\/06\/Captura-de-Pantalla-2023-06-22-a-las-0.21.10.png\" alt=\"\" class=\"wp-image-7\" srcset=\"https:\/\/satorijujutsu.com\/wp-content\/uploads\/2023\/06\/Captura-de-Pantalla-2023-06-22-a-las-0.21.10.png 770w, https:\/\/satorijujutsu.com\/wp-content\/uploads\/2023\/06\/Captura-de-Pantalla-2023-06-22-a-las-0.21.10-300x245.png 300w, https:\/\/satorijujutsu.com\/wp-content\/uploads\/2023\/06\/Captura-de-Pantalla-2023-06-22-a-las-0.21.10-768x628.png 768w\" sizes=\"(max-width: 770px) 100vw, 770px\" \/><\/figure>\n<\/figure>\n","protected":false},"excerpt":{"rendered":"<p>Difundir el pleno conocimiento de la cultura marcial en todos sus \u00e1mbitos, fomentar un entrenamiento global de mente y cuerpo, una adecuada preparaci\u00f3n f\u00edsica con un buen desarrollo mental y espiritual son los principales objetivos de nuestra federaci\u00f3n.Por otro lado, desde nuestro estilo Satori Ju Jutsu y en nuestros centros intentamos:&#8211; Inculcar a todos nuestros [&hellip;]<\/p>\n","protected":false},"author":1,"featured_media":0,"parent":0,"menu_order":0,"comment_status":"closed","ping_status":"closed","template":"","meta":{"site-container-style":"default","site-container-layout":"default","site-sidebar-layout":"default","disable-article-header":"default","disable-site-header":"default","disable-site-footer":"default","disable-content-area-spacing":"default","footnotes":""},"_links":{"self":[{"href":"https:\/\/satorijujutsu.com\/index.php?rest_route=\/wp\/v2\/pages\/53"}],"collection":[{"href":"https:\/\/satorijujutsu.com\/index.php?rest_route=\/wp\/v2\/pages"}],"about":[{"href":"https:\/\/satorijujutsu.com\/index.php?rest_route=\/wp\/v2\/types\/page"}],"author":[{"embeddable":true,"href":"https:\/\/satorijujutsu.com\/index.php?rest_route=\/wp\/v2\/users\/1"}],"replies":[{"embeddable":true,"href":"https:\/\/satorijujutsu.com\/index.php?rest_route=%2Fwp%2Fv2%2Fcomments&post=53"}],"version-history":[{"count":6,"href":"https:\/\/satorijujutsu.com\/index.php?rest_route=\/wp\/v2\/pages\/53\/revisions"}],"predecessor-version":[{"id":164,"href":"https:\/\/satorijujutsu.com\/index.php?rest_route=\/wp\/v2\/pages\/53\/revisions\/164"}],"wp:attachment":[{"href":"https:\/\/satorijujutsu.com\/index.php?rest_route=%2Fwp%2Fv2%2Fmedia&parent=53"}],"curies":[{"name":"wp","href":"https:\/\/api.w.org\/{rel}","templated":true}]}}