{"id":38,"date":"2023-06-21T23:31:09","date_gmt":"2023-06-21T23:31:09","guid":{"rendered":"https:\/\/satorijujutsu.com\/?page_id=38"},"modified":"2024-10-15T11:24:30","modified_gmt":"2024-10-15T11:24:30","slug":"satori-ju-jutsu","status":"publish","type":"page","link":"https:\/\/satorijujutsu.com\/?page_id=38","title":{"rendered":"Satori Ju Jutsu."},"content":{"rendered":"\n<div class=\"wp-block-group is-layout-constrained wp-block-group-is-layout-constrained\">\n<div class=\"wp-block-columns is-layout-flex wp-container-core-columns-layout-1 wp-block-columns-is-layout-flex\">\n<div class=\"wp-block-column is-layout-flow wp-block-column-is-layout-flow\" style=\"flex-basis:100%\">\n<div class=\"wp-block-group is-vertical is-layout-flex wp-container-core-group-layout-1 wp-block-group-is-layout-flex\">\n<p> Sus t\u00e9cnicas se codifican para un l\u00f3gico y f\u00e1cil aprendizaje, a la vez de maximizar su sentido pr\u00e1ctico y de eficacia hacia las condiciones y forma de vida de hoy en d\u00eda. Intentando que sus practicantes a\u00fanen facetas tan variadas como:<br>La cortes\u00eda, el respeto, la belleza del gesto, la t\u00e9cnica pura, as\u00ed como la flexibilidad mental, al igual que el desarrollo armonioso de su personalidad.<br>La base principal de nuestro estilo son los: <strong>Las esquivas y el desequilibrio del adversario.<\/strong><br>Adem\u00e1s, nuestra ejecuci\u00f3n t\u00e9cnica se basa en 4 puntos principales.<br>-. <strong>La eficacia<\/strong>: La t\u00e9cnica de ser lo m\u00e1s efectiva posible para que cumpla su prop\u00f3sito.<br>-. <strong>Contundencia:<\/strong> Para que la t\u00e9cnica se efect\u00fae solo una vez.<br>-. <strong>Proporcionada:<\/strong> La t\u00e9cnica a de ser adecuada a la intensidad y situaci\u00f3n del ataque, adem\u00e1s de respetar en lo posible la integridad f\u00edsica del agresor.<br>-. <strong>Armon\u00eda<\/strong>: Para que los movimientos sean a su vez bellos y din\u00e1micos.<\/p>\n\n\n\n<p><strong>Para ello nuestros practicantes realizan el estudio de:<\/strong><br> La T\u00e9cnica B\u00e1sica. (Kihon Dosa).La T\u00e9cnica Fundamental. (Kihon waza).La T\u00e9cnica Aplicada. (Oyo dosa).-La T\u00e9cnica de Defensa Personal.<br>-Etiqueta. (Rei ho).-Estudio de Budo.-Katas.<br>Este estilo se podr\u00eda considerar como un Ju jutsu moderno, pero sus t\u00e9cnicas provienen de estilos tradicionales como: (Daito-Ryu Aikijujutsu, Yoshin-ryu jujutsu, Yoseikan) o de estilos m\u00e1s modernos como pudieran ser el Nihon Tai Jitsu.<\/p>\n\n\n\n<p><strong>T\u00e9cnica B\u00e1sica. Kihon Dosa.<\/strong><br>Es todo movimiento corporal que nos ayuda a realizar la t\u00e9cnica fundamental.<br>Es en estos movimientos en donde encontraremos todas las herramientas de<br>trabajo que nos facilitaran la ejecuci\u00f3n y aplicaci\u00f3n de la t\u00e9cnica fundamental; ser\u00edan: posiciones, guardias, paradas, ca\u00eddas, desequilibrios, desplazamientos, esquivas, tai sabakis, salidas de agarre de manos.<br><strong>T\u00e9cnica Fundamental. Kihon Waza.<\/strong> Es en si la t\u00e9cnica y conlleva  el conocimiento de las formas de fundamentales:<br>-De golpear.<br>-De proyectar.<br>-De luxar.<br>-De estrangular.<br>-De inmovilizar y controlar.<br><strong>Es en s\u00ed, la t\u00e9cnica<\/strong><br><strong>T\u00e9cnica Aplicada. Oyo Dosa.<\/strong> Es la aplicaci\u00f3n de cualquier t\u00e9cnica fundamental a un ataque predefinido, en este trabajo hay una t\u00e9cnica definida que se debe ejecutar desde cualquier ataque.<br><strong>T\u00e9cnica de Defensa Personal.<\/strong> Ser\u00e1 la respuesta instintiva ante cualquier tipo de ataque.<br><strong>Etiqueta Rei Ro.<\/strong> Es el conjunto de reglas, procedimientos y normas por las que nos regimos<br>dentro del dojo.<br><strong>Estudio de Budo.<\/strong> Es el conocimiento de la historia, origen y evoluci\u00f3n del Ju-Jujtsu, a la vez del conocimiento de las dem\u00e1s artes marciales. En este bloque se engloba la nomenclatura japonesa.<br><strong>Katas.<\/strong> Estudio de los diferentes katas de nuestra escuela.<br><\/p>\n<\/div>\n<\/div>\n<\/div>\n<\/div>\n","protected":false},"excerpt":{"rendered":"<p>Sus t\u00e9cnicas se codifican para un l\u00f3gico y f\u00e1cil aprendizaje, a la vez de maximizar su sentido pr\u00e1ctico y de eficacia hacia las condiciones y forma de vida de hoy en d\u00eda. Intentando que sus practicantes a\u00fanen facetas tan variadas como:La cortes\u00eda, el respeto, la belleza del gesto, la t\u00e9cnica pura, as\u00ed como la flexibilidad [&hellip;]<\/p>\n","protected":false},"author":1,"featured_media":0,"parent":0,"menu_order":0,"comment_status":"closed","ping_status":"closed","template":"","meta":{"site-container-style":"default","site-container-layout":"default","site-sidebar-layout":"default","disable-article-header":"default","disable-site-header":"default","disable-site-footer":"default","disable-content-area-spacing":"default","footnotes":""},"_links":{"self":[{"href":"https:\/\/satorijujutsu.com\/index.php?rest_route=\/wp\/v2\/pages\/38"}],"collection":[{"href":"https:\/\/satorijujutsu.com\/index.php?rest_route=\/wp\/v2\/pages"}],"about":[{"href":"https:\/\/satorijujutsu.com\/index.php?rest_route=\/wp\/v2\/types\/page"}],"author":[{"embeddable":true,"href":"https:\/\/satorijujutsu.com\/index.php?rest_route=\/wp\/v2\/users\/1"}],"replies":[{"embeddable":true,"href":"https:\/\/satorijujutsu.com\/index.php?rest_route=%2Fwp%2Fv2%2Fcomments&post=38"}],"version-history":[{"count":16,"href":"https:\/\/satorijujutsu.com\/index.php?rest_route=\/wp\/v2\/pages\/38\/revisions"}],"predecessor-version":[{"id":282,"href":"https:\/\/satorijujutsu.com\/index.php?rest_route=\/wp\/v2\/pages\/38\/revisions\/282"}],"wp:attachment":[{"href":"https:\/\/satorijujutsu.com\/index.php?rest_route=%2Fwp%2Fv2%2Fmedia&parent=38"}],"curies":[{"name":"wp","href":"https:\/\/api.w.org\/{rel}","templated":true}]}}