{"id":147,"date":"2024-09-26T08:46:37","date_gmt":"2024-09-26T08:46:37","guid":{"rendered":"https:\/\/satorijujutsu.com\/?page_id=147"},"modified":"2024-10-04T10:51:53","modified_gmt":"2024-10-04T10:51:53","slug":"actividades","status":"publish","type":"page","link":"https:\/\/satorijujutsu.com\/?page_id=147","title":{"rendered":"Shihan J.M.Morales Peral."},"content":{"rendered":"\n<p><span style=\"font-size: revert; color: var(--yuki-content-base-color);\">Apasionado del mundo de las artes marciales, le\u00eda lo poco que en esas fechas se editaba, pero no tuvo oportunidad de practicarlas hasta bien entrado en a\u00f1os. Fue en 1984, durante su Servicio Militar fue destinado a la Infanter\u00eda de Marina, como Cabo 2\u00ba de la Polic\u00eda Naval, es all\u00ed cuando sus primeros contactos con estas disciplinas. estudio t\u00e9cnicas de defensa personal, control y reducci\u00f3n espec\u00edficos para la Polic\u00eda Naval. A principios de 1990 empez\u00f3 a practicar Nihon Tai jitsu, del Maestro Roland Hernaed y Ju Jitsu, este de la Asociaci\u00f3n Espa\u00f1ola de Ju Jitsu (A.E.J.J), inscrita en la Word Ju Jitsu Federation, del maestro Robert Clark.Alternando estos entrenamientos con los de Judo ,Karate, Full Contact y Kick Boxing.<\/span>A finales del a\u00f1o 1992, decidi\u00f3 abrir su propio Dojo. En la ciudad de Arahal (Sevilla).<br>En 1998, cre\u00f3 su propio sistema de ense\u00f1anza de Ju Jutsu denominado por entonces <strong>Satori-Ryu.<\/strong><br>En 2007 paso a formar parte de la Jiu jitsu Internacional, del Maestro Richard Morris, recibiendo el reconocimiento de Instructor Internacional.<br>M\u00e1s tarde, en 2009, recibi\u00f3 de la mano del Soke Richard Morris. El t\u00edtulo de Renshi y fue nombrado representante y presidente en Espa\u00f1a de Jiu Jitsu Internacional.<br>En 2010, su sistema pasa a ser reconocido como estilo de Ju Jutsu por Jiu Jitsu Internacional y denominado <strong>Satori Ju Jutsu.<\/strong><br>A mediados de 2012 fund\u00f3 la Federaci\u00f3n Espa\u00f1ola de Ju jutsu y DA.<br>En 2015 fue nombrado Shihan por el Soke Richard Morris.<br>En 2019 se le otorga el grado de Kyoshi dentro de Federaci\u00f3n Espa\u00f1ola de Jujutsu y DA.<br>En 2018 decidi\u00f3 abandonar la presidencia de la Federaci\u00f3n Espa\u00f1ola de Ju Jutsu y DA.<br>En 2023 se le concede 7\u00ba Dan Ju Jutsu Yoshinkan Internacional Y a su vez es nombrado presidente Yoshinkan Internacional Espa\u00f1a.<br>Dedicado con pasi\u00f3n a la tarea de divulgar el Ju jutsu.<br>Ha y sigue impartido clases en innumerables cursos tanto a nivel nacional como internacional.<br><strong>A d\u00eda de su historial marcial es:<\/strong><br>Shihan 7\u00ba Dan Satori Ju Jutsu.<br>Shihan 7\u00ba Dan Satori-Jo (Jo Jutsu)<br>Maestro 7\u00ba Dan Defensa Personal.<br>Maestro 7\u00ba Dan Ju Jutsu. ( Federaci\u00f3n Espa\u00f1ola de Lucha)<br>Shihan 7\u00ba Dan Ju Jutsu Yoshinkan Internacional.<br>Kyoshi 6\u00ba Dan Ju Jutsu.( Federaci\u00f3n Espa\u00f1ola de Ju Jutsu y D.A.)<br>Maestro 6\u00ba Dan Full Impact.<br>Shihan 5\u00ba Dan Jiu jitsu Internacional.<br>Monitor de Nihon Tai Jitsu.(Federaci\u00f3n Andaluza de Judo y D.A)<br>2\u00ba Dan Nihon Tai Jitsu. (Federaci\u00f3n Espa\u00f1ola de Judo y D.A)<br>1\u00ba Dan Nihon Tai Jitsu\/Ju Jitsu. Federaci\u00f3n Internacional de Tai jitsu.<br>4\u00ba Dan Full Contact\/Kick Boxing.<br>Director T\u00e9cnico y creador Satori Ju Jutsu.<br>Presidente Honorifico, Fundador de la Federaci\u00f3n Espa\u00f1ola de Ju Jutsu.<br>Presidente de Jiu jitsu Internacional Espa\u00f1a<br>Presidente de Yoshinkan Internacional Espa\u00f1a.<br>Presidente de Budoai (Asociaci\u00f3n Independiente de artes marciales)<br>Presidente de A.A. Nihtai. (Asociaci\u00f3n andaluza de Nihon Tai Jitsu)<br>Acreditado por Ministerio del Interior para la formaci\u00f3n, actualizaci\u00f3n y<br>adiestramiento del personal de seguridad privada, en la ense\u00f1anza de Defensa<br>Personal.<\/p>\n","protected":false},"excerpt":{"rendered":"<p>Apasionado del mundo de las artes marciales, le\u00eda lo poco que en esas fechas se editaba, pero no tuvo oportunidad de practicarlas hasta bien entrado en a\u00f1os. Fue en 1984, durante su Servicio Militar fue destinado a la Infanter\u00eda de Marina, como Cabo 2\u00ba de la Polic\u00eda Naval, es all\u00ed cuando sus primeros contactos con [&hellip;]<\/p>\n","protected":false},"author":1,"featured_media":204,"parent":0,"menu_order":0,"comment_status":"closed","ping_status":"closed","template":"","meta":{"site-container-style":"default","site-container-layout":"default","site-sidebar-layout":"default","disable-article-header":"default","disable-site-header":"default","disable-site-footer":"default","disable-content-area-spacing":"default","footnotes":""},"_links":{"self":[{"href":"https:\/\/satorijujutsu.com\/index.php?rest_route=\/wp\/v2\/pages\/147"}],"collection":[{"href":"https:\/\/satorijujutsu.com\/index.php?rest_route=\/wp\/v2\/pages"}],"about":[{"href":"https:\/\/satorijujutsu.com\/index.php?rest_route=\/wp\/v2\/types\/page"}],"author":[{"embeddable":true,"href":"https:\/\/satorijujutsu.com\/index.php?rest_route=\/wp\/v2\/users\/1"}],"replies":[{"embeddable":true,"href":"https:\/\/satorijujutsu.com\/index.php?rest_route=%2Fwp%2Fv2%2Fcomments&post=147"}],"version-history":[{"count":5,"href":"https:\/\/satorijujutsu.com\/index.php?rest_route=\/wp\/v2\/pages\/147\/revisions"}],"predecessor-version":[{"id":205,"href":"https:\/\/satorijujutsu.com\/index.php?rest_route=\/wp\/v2\/pages\/147\/revisions\/205"}],"wp:featuredmedia":[{"embeddable":true,"href":"https:\/\/satorijujutsu.com\/index.php?rest_route=\/wp\/v2\/media\/204"}],"wp:attachment":[{"href":"https:\/\/satorijujutsu.com\/index.php?rest_route=%2Fwp%2Fv2%2Fmedia&parent=147"}],"curies":[{"name":"wp","href":"https:\/\/api.w.org\/{rel}","templated":true}]}}